{"id":27269,"date":"2023-09-06T13:20:50","date_gmt":"2023-09-06T13:20:50","guid":{"rendered":"https:\/\/tamlek-cyprus.com\/avantajlar\/"},"modified":"2024-09-05T12:27:49","modified_gmt":"2024-09-05T12:27:49","slug":"avantajlar","status":"publish","type":"page","link":"https:\/\/tamlek-cyprus.com\/tr\/avantajlar\/","title":{"rendered":"Avantajlar"},"content":{"rendered":"\t\t<div data-elementor-type=\"wp-page\" data-elementor-id=\"27269\" class=\"elementor elementor-27269 elementor-19899\">\n\t\t\t\t\t\t\t\t\t<section class=\"elementor-section elementor-top-section elementor-element elementor-element-52400b2 elementor-section-full_width elementor-section-height-default elementor-section-height-default\" data-id=\"52400b2\" data-element_type=\"section\" data-settings=\"{&quot;background_background&quot;:&quot;classic&quot;}\">\n\t\t\t\t\t\t<div class=\"elementor-container elementor-column-gap-no\">\n\t\t\t\t\t<div class=\"elementor-column elementor-col-100 elementor-top-column elementor-element elementor-element-fd4d043\" data-id=\"fd4d043\" data-element_type=\"column\">\n\t\t\t<div class=\"elementor-widget-wrap elementor-element-populated\">\n\t\t\t\t\t\t\t\t<section class=\"elementor-section elementor-inner-section elementor-element elementor-element-60bff79 elementor-section-height-min-height elementor-section-content-middle elementor-section-boxed elementor-section-height-default\" data-id=\"60bff79\" data-element_type=\"section\" data-settings=\"{&quot;background_background&quot;:&quot;classic&quot;}\">\n\t\t\t\t\t\t\t<div class=\"elementor-background-overlay\"><\/div>\n\t\t\t\t\t\t\t<div class=\"elementor-container elementor-column-gap-default\">\n\t\t\t\t\t<div class=\"elementor-column elementor-col-100 elementor-inner-column elementor-element elementor-element-c99c02a\" data-id=\"c99c02a\" data-element_type=\"column\">\n\t\t\t<div class=\"elementor-widget-wrap elementor-element-populated\">\n\t\t\t\t\t\t\t\t<div class=\"elementor-element elementor-element-a49b941 elementor-invisible elementor-widget elementor-widget-heading\" data-id=\"a49b941\" data-element_type=\"widget\" data-settings=\"{&quot;_animation&quot;:&quot;fadeIn&quot;}\" data-widget_type=\"heading.default\">\n\t\t\t\t<div class=\"elementor-widget-container\">\n\t\t\t<style>\/*! elementor - v3.18.0 - 20-12-2023 *\/\n.elementor-heading-title{padding:0;margin:0;line-height:1}.elementor-widget-heading .elementor-heading-title[class*=elementor-size-]>a{color:inherit;font-size:inherit;line-height:inherit}.elementor-widget-heading .elementor-heading-title.elementor-size-small{font-size:15px}.elementor-widget-heading .elementor-heading-title.elementor-size-medium{font-size:19px}.elementor-widget-heading .elementor-heading-title.elementor-size-large{font-size:29px}.elementor-widget-heading .elementor-heading-title.elementor-size-xl{font-size:39px}.elementor-widget-heading .elementor-heading-title.elementor-size-xxl{font-size:59px}<\/style><h1 class=\"elementor-heading-title elementor-size-default\">Avantajlar<\/h1>\t\t<\/div>\n\t\t\t\t<\/div>\n\t\t\t\t<div class=\"elementor-element elementor-element-3e82dea elementor-invisible elementor-widget elementor-widget-heading\" data-id=\"3e82dea\" data-element_type=\"widget\" data-settings=\"{&quot;_animation&quot;:&quot;fadeIn&quot;,&quot;_animation_delay&quot;:250}\" data-widget_type=\"heading.default\">\n\t\t\t\t<div class=\"elementor-widget-container\">\n\t\t\t<div class=\"elementor-heading-title elementor-size-default\">K\u0131br\u0131s da yat\u0131r\u0131m yapman\u0131n Avantajlar\u0131:<\/div>\t\t<\/div>\n\t\t\t\t<\/div>\n\t\t\t\t\t<\/div>\n\t\t<\/div>\n\t\t\t\t\t\t\t<\/div>\n\t\t<\/section>\n\t\t\t\t\t<\/div>\n\t\t<\/div>\n\t\t\t\t\t\t\t<\/div>\n\t\t<\/section>\n\t\t\t\t<section class=\"elementor-section elementor-top-section elementor-element elementor-element-281230f elementor-section-boxed elementor-section-height-default elementor-section-height-default\" data-id=\"281230f\" data-element_type=\"section\">\n\t\t\t\t\t\t<div class=\"elementor-container elementor-column-gap-default\">\n\t\t\t\t\t<div class=\"elementor-column elementor-col-100 elementor-top-column elementor-element elementor-element-a7c305a\" data-id=\"a7c305a\" data-element_type=\"column\">\n\t\t\t<div class=\"elementor-widget-wrap elementor-element-populated\">\n\t\t\t\t\t\t\t\t<div class=\"elementor-element elementor-element-f4b39bf elementor-widget elementor-widget-houzez_elementor_space\" data-id=\"f4b39bf\" data-element_type=\"widget\" data-widget_type=\"houzez_elementor_space.default\">\n\t\t\t\t<div class=\"elementor-widget-container\">\n\t\t\t        <div class=\"houzez-spacer\">\n            <div class=\"houzez-spacer-inner\"><\/div>\n        <\/div>\n        \t\t<\/div>\n\t\t\t\t<\/div>\n\t\t\t\t\t<\/div>\n\t\t<\/div>\n\t\t\t\t\t\t\t<\/div>\n\t\t<\/section>\n\t\t\t\t<section class=\"elementor-section elementor-top-section elementor-element elementor-element-5f04f21 elementor-section-boxed elementor-section-height-default elementor-section-height-default elementor-invisible\" data-id=\"5f04f21\" data-element_type=\"section\" data-settings=\"{&quot;animation&quot;:&quot;fadeIn&quot;}\">\n\t\t\t\t\t\t<div class=\"elementor-container elementor-column-gap-default\">\n\t\t\t\t\t<div class=\"elementor-column elementor-col-100 elementor-top-column elementor-element elementor-element-9c57618\" data-id=\"9c57618\" data-element_type=\"column\">\n\t\t\t<div class=\"elementor-widget-wrap elementor-element-populated\">\n\t\t\t\t\t\t\t\t<div class=\"elementor-element elementor-element-d6a2af5 elementor-widget elementor-widget-heading\" data-id=\"d6a2af5\" data-element_type=\"widget\" data-widget_type=\"heading.default\">\n\t\t\t\t<div class=\"elementor-widget-container\">\n\t\t\t<h2 class=\"elementor-heading-title elementor-size-default\">K\u0131br\u0131s da gayrimenkul sat\u0131n alman\u0131n Avantajlar\u0131:<\/h2>\t\t<\/div>\n\t\t\t\t<\/div>\n\t\t\t\t<div class=\"elementor-element elementor-element-6b3f597 elementor-widget elementor-widget-text-editor\" data-id=\"6b3f597\" data-element_type=\"widget\" data-widget_type=\"text-editor.default\">\n\t\t\t\t<div class=\"elementor-widget-container\">\n\t\t\t<style>\/*! elementor - v3.18.0 - 20-12-2023 *\/\n.elementor-widget-text-editor.elementor-drop-cap-view-stacked .elementor-drop-cap{background-color:#69727d;color:#fff}.elementor-widget-text-editor.elementor-drop-cap-view-framed .elementor-drop-cap{color:#69727d;border:3px solid;background-color:transparent}.elementor-widget-text-editor:not(.elementor-drop-cap-view-default) .elementor-drop-cap{margin-top:8px}.elementor-widget-text-editor:not(.elementor-drop-cap-view-default) .elementor-drop-cap-letter{width:1em;height:1em}.elementor-widget-text-editor .elementor-drop-cap{float:left;text-align:center;line-height:1;font-size:50px}.elementor-widget-text-editor .elementor-drop-cap-letter{display:inline-block}<\/style>\t\t\t\t<div dir=\"auto\">\n<p>1. En \u00e7ok tavsiye edilen Emlak Fiyatlar\u0131:<\/p>\n<p>Kuzey K\u0131br\u0131s, di\u011fer t\u00fcm avantajlar\u0131n yan\u0131 s\u0131ra en b\u00fcy\u00fck avantaj\u0131 da sunuyor: uygun emlak fiyatlar\u0131. \u00c7o\u011fu Avrupa ve Akdeniz \u00fclkesinden %40-50 daha d\u00fc\u015f\u00fck fiyatlara kolayca emlak sat\u0131n alabilirsiniz.<\/p>\n<p>2. Yat\u0131r\u0131mlarda Daha K\u0131sa Geri \u00d6deme S\u00fcresi:<\/p>\n<p>M\u00fclk yat\u0131r\u0131mlar\u0131n\u0131zda geri \u00f6deme s\u00fcreleri daha k\u0131sa oldu\u011fu i\u00e7in, d\u00fcnyan\u0131n herhangi bir yerinden daha \u00e7ok Kuzey K\u0131br\u0131s&#8217;ta emlak yat\u0131r\u0131m\u0131 yapman\u0131z daha iyi olur. Bir\u00e7ok Avrupa \u00fclkesinde geri \u00f6deme s\u00fcresi 20-30 y\u0131l aras\u0131nda de\u011fi\u015firken, Kuzey K\u0131br\u0131s&#8217;ta bu s\u00fcre 8-12 y\u0131ld\u0131r.<\/p>\n<p>3. Yabanc\u0131 Yat\u0131r\u0131mc\u0131lar \u0130\u00e7in Sorunsuz \u0130\u015flemler:<\/p>\n<p>Kuzey K\u0131br\u0131s&#8217;ta emlak yat\u0131r\u0131m\u0131 yapmak isteyen yabanc\u0131 yat\u0131r\u0131mc\u0131lar, se\u00e7tikleri atanm\u0131\u015f bir avukat\u0131n yard\u0131m\u0131yla Kuzey K\u0131br\u0131s&#8217;taki t\u00fcm i\u015flemleri y\u00f6netebilirler. Bu, sat\u0131\u015f s\u00f6zle\u015fmesinin haz\u0131rlanmas\u0131ndan Bakanlar Kurulu taraf\u0131ndan sat\u0131\u015f izninin onaylanmas\u0131na kadar t\u00fcm sat\u0131\u015f s\u00fcrecinin sorunsuz bir \u015fekilde y\u00fcr\u00fct\u00fclmesini sa\u011flar.<\/p>\n<p>4.Kuzey K\u0131br\u0131s Oturma \u0130zinleri:<\/p>\n<p>Kuzey K\u0131br\u0131s&#8217;ta 125.000 \u20ac de\u011ferinde gayrimenkul sat\u0131n alarak, otomatik olarak 3 y\u0131ll\u0131k y\u0131ll\u0131k ge\u00e7ici oturma izni almaya hak kazan\u0131rs\u0131n\u0131z. 3 y\u0131l\u0131n ard\u0131ndan, 2 y\u0131ll\u0131k ge\u00e7ici izin alabilirsiniz. Belirli bir s\u00fcreden sonra, kal\u0131c\u0131 oturma izni al\u0131rs\u0131n\u0131z, bu da Kuzey K\u0131br\u0131s&#8217;ta do\u011fan \u00e7ocuklar\u0131n\u0131z\u0131n da vatanda\u015fl\u0131k almaya hak kazand\u0131\u011f\u0131 ve bu haklardan yararlanabilece\u011fi anlam\u0131na gelir.<\/p>\n<p>5.Kuzey K\u0131br\u0131s Gayrimenkul De\u011ferindeki Art\u0131\u015f:<\/p>\n<p>Son y\u0131llarda, Kuzey K\u0131br\u0131s&#8217;taki gayrimenkul ve in\u015faat sekt\u00f6r\u00fc, \u00e7ok say\u0131da yeni proje ve bunun sonucunda gayrimenkul sekt\u00f6r\u00fcn\u00fcn b\u00fcy\u00fcmesi sayesinde K\u0131br\u0131s&#8217;\u0131n marka de\u011ferine katk\u0131da bulunmu\u015ftur. Gayrimenkul fiyatlar\u0131n\u0131n her ge\u00e7en g\u00fcn artt\u0131\u011f\u0131 Kuzey K\u0131br\u0131s&#8217;ta, sadece son birka\u00e7 y\u0131lda ortalama art\u0131\u015f %30 ve \u00fczeri olmu\u015ftur.<\/p>\n<p>6. Kuzey K\u0131br\u0131s&#8217;ta \u00dcniversite ve \u00d6\u011frenci Say\u0131lar\u0131n\u0131n Artmas\u0131:<\/p>\n<p>Kuzey K\u0131br\u0131s&#8217;ta aktif olarak e\u011fitim veren akademik kurum say\u0131s\u0131 \u015fu anda 27&#8217;dir. Bu say\u0131n\u0131n, izinleri tamamlanan ve yak\u0131nda \u00f6\u011frencilere kap\u0131lar\u0131n\u0131 a\u00e7acak olan yeni \u00fcniversitelerin kurulmas\u0131 sayesinde artmas\u0131 bekleniyor. Sonu\u00e7 olarak, her y\u0131l %10 oran\u0131nda istikrarl\u0131 bir \u015fekilde artan ve \u015fu anda yakla\u015f\u0131k 120.000 olan \u00fcniversite \u00f6\u011frencisi say\u0131s\u0131n\u0131n artmas\u0131 bekleniyor.<\/p>\n<p>7. Kuzey K\u0131br\u0131s Turizm Sekt\u00f6r\u00fcnde Y\u00fckselen Yat\u0131r\u0131mlar:<\/p>\n<p>Turizm sekt\u00f6r\u00fcn\u00fcn kapasitesinin h\u00fck\u00fcmet te\u015fvikleriyle artmas\u0131, otellere ve turistik tesislere yat\u0131r\u0131m yap\u0131lmas\u0131na yol a\u00e7t\u0131. Kuzey K\u0131br\u0131s&#8217;ta turizm sekt\u00f6r\u00fcn\u00fcn kapasitesinin art\u0131r\u0131lmas\u0131, \u015fu anda her y\u0131l 1 milyondan fazla ziyaret\u00e7iye ev sahipli\u011fi yapan bir sekt\u00f6r olan gayrimenkule olan talebi art\u0131racakt\u0131r.<\/p>\n<p>8. Y\u0131l Boyunca Y\u00fcksek Kiralama Talepleri:<\/p>\n<p>Kuzey K\u0131br\u0131s&#8217;ta kiral\u0131k evlere olan y\u00fcksek talep y\u0131l boyunca durmaks\u0131z\u0131n devam ediyor. Kuzey K\u0131br\u0131s&#8217;a gelen 120.000 \u00fcniversite \u00f6\u011frencisi ve yabanc\u0131 ziyaret\u00e7i \u015f\u00fcphesiz bunun en \u00f6nemli nedenidir. 350.000 n\u00fcfusa sahip Kuzey K\u0131br\u0131s, her y\u0131l 1 milyondan fazla ziyaret\u00e7iyi a\u011f\u0131rlamaktad\u0131r.<\/p>\n<p>9. Yabanc\u0131 Para Biriminde Gayrimenkul Al\u0131m Sat\u0131m\u0131:<\/p>\n<p>Kuzey K\u0131br\u0131s&#8217;ta gayrimenkul al\u0131m sat\u0131m i\u015flemleri genellikle sterlin \u00fczerinden yap\u0131l\u0131r. Bu, gayrimenkul yat\u0131r\u0131m\u0131n\u0131 enflasyon riskine kar\u015f\u0131 korurken yabanc\u0131 yat\u0131r\u0131mc\u0131lar i\u00e7in de b\u00fcy\u00fck kolayl\u0131k sa\u011flar.<\/p>\n<p>10. Yeni Lansman Gayrimenkul Projeleri \u0130\u00e7in \u0130ndirimler:<\/p>\n<p>Kuzey K\u0131br\u0131s&#8217;taki gayrimenkul projeleri lansman s\u0131ras\u0131nda uygun fiyatlarla sat\u0131\u015fa sunulur. Bu d\u00f6nemde indirimli fiyatlarla gayrimenkul sat\u0131n alarak varl\u0131klar\u0131n\u0131za de\u011fer katabilirsiniz.<\/p>\n<p>11. \u00c7ok sevilen su\u00e7 oran\u0131 seviyesi:<\/p>\n<p>Kuzey K\u0131br\u0131s&#8217;taki su\u00e7 oran\u0131 nispeten d\u00fc\u015f\u00fckt\u00fcr. K\u00fc\u00e7\u00fck h\u0131rs\u0131zl\u0131k en yayg\u0131n su\u00e7tur, ancak \u015fiddet i\u00e7eren su\u00e7lar nadirdir. Ancak \u00e7evrenizin fark\u0131nda olmak ve e\u015fyalar\u0131n\u0131z\u0131 korumak i\u00e7in \u00f6nlemler almak \u00f6nemlidir.<\/p>\n<p>Kuzey K\u0131br\u0131s&#8217;ta bilinen bir ter\u00f6r tehdidi yoktur. Ancak, en son g\u00fcvenlik uyar\u0131lar\u0131ndan haberdar olmak ve yerel yetkililerin talimatlar\u0131n\u0131 takip etmek her zaman \u00f6nemlidir.<\/p>\n<\/div>\n\t\t\t\t\t\t<\/div>\n\t\t\t\t<\/div>\n\t\t\t\t\t<\/div>\n\t\t<\/div>\n\t\t\t\t\t\t\t<\/div>\n\t\t<\/section>\n\t\t\t\t<section class=\"elementor-section elementor-top-section elementor-element elementor-element-bff8e90 elementor-section-boxed elementor-section-height-default elementor-section-height-default\" data-id=\"bff8e90\" data-element_type=\"section\">\n\t\t\t\t\t\t<div class=\"elementor-container elementor-column-gap-default\">\n\t\t\t\t\t<div class=\"elementor-column elementor-col-100 elementor-top-column elementor-element elementor-element-5970058\" data-id=\"5970058\" data-element_type=\"column\">\n\t\t\t<div class=\"elementor-widget-wrap elementor-element-populated\">\n\t\t\t\t\t\t\t\t<div class=\"elementor-element elementor-element-b40d44a elementor-widget elementor-widget-houzez_elementor_space\" data-id=\"b40d44a\" data-element_type=\"widget\" data-widget_type=\"houzez_elementor_space.default\">\n\t\t\t\t<div class=\"elementor-widget-container\">\n\t\t\t        <div class=\"houzez-spacer\">\n            <div class=\"houzez-spacer-inner\"><\/div>\n        <\/div>\n        \t\t<\/div>\n\t\t\t\t<\/div>\n\t\t\t\t\t<\/div>\n\t\t<\/div>\n\t\t\t\t\t\t\t<\/div>\n\t\t<\/section>\n\t\t\t\t<section class=\"elementor-section elementor-top-section elementor-element elementor-element-7e684e3 elementor-section-boxed elementor-section-height-default elementor-section-height-default\" data-id=\"7e684e3\" data-element_type=\"section\" data-settings=\"{&quot;background_background&quot;:&quot;gradient&quot;}\">\n\t\t\t\t\t\t<div class=\"elementor-container elementor-column-gap-default\">\n\t\t\t\t\t<div class=\"elementor-column elementor-col-100 elementor-top-column elementor-element elementor-element-0244cda\" data-id=\"0244cda\" data-element_type=\"column\">\n\t\t\t<div class=\"elementor-widget-wrap elementor-element-populated\">\n\t\t\t\t\t\t\t\t<section class=\"elementor-section elementor-inner-section elementor-element elementor-element-0b6462e elementor-section-full_width elementor-reverse-mobile elementor-reverse-tablet elementor-section-height-default elementor-section-height-default elementor-invisible\" data-id=\"0b6462e\" data-element_type=\"section\" data-settings=\"{&quot;background_background&quot;:&quot;classic&quot;,&quot;animation&quot;:&quot;fadeInUp&quot;}\">\n\t\t\t\t\t\t<div class=\"elementor-container elementor-column-gap-no\">\n\t\t\t\t\t<div class=\"elementor-column elementor-col-50 elementor-inner-column elementor-element elementor-element-ef0f55c\" data-id=\"ef0f55c\" data-element_type=\"column\">\n\t\t\t<div class=\"elementor-widget-wrap elementor-element-populated\">\n\t\t\t\t\t\t\t\t<div class=\"elementor-element elementor-element-041285c elementor-widget elementor-widget-heading\" data-id=\"041285c\" data-element_type=\"widget\" data-widget_type=\"heading.default\">\n\t\t\t\t<div class=\"elementor-widget-container\">\n\t\t\t<h3 class=\"elementor-heading-title elementor-size-default\">Bir uzmanla dan\u0131\u015fmak istiyor musunuz?<\/h3>\t\t<\/div>\n\t\t\t\t<\/div>\n\t\t\t\t<div class=\"elementor-element elementor-element-638c2b1 elementor-widget elementor-widget-text-editor\" data-id=\"638c2b1\" data-element_type=\"widget\" data-widget_type=\"text-editor.default\">\n\t\t\t\t<div class=\"elementor-widget-container\">\n\t\t\t\t\t\t\t<p>WhatsApp \u00fczerinden bize ula\u015f\u0131n, Kuzey K\u0131br\u0131s&#8217;ta ev sat\u0131n alma ve yat\u0131r\u0131m yapma konusunda en kapsaml\u0131 bilgileri size sa\u011flayal\u0131m.<\/p>\n\t\t\t\t\t\t<\/div>\n\t\t\t\t<\/div>\n\t\t\t\t<div class=\"elementor-element elementor-element-a512578 elementor-mobile-align-center elementor-tablet-align-center elementor-widget elementor-widget-button\" data-id=\"a512578\" data-element_type=\"widget\" data-widget_type=\"button.default\">\n\t\t\t\t<div class=\"elementor-widget-container\">\n\t\t\t\t\t<div class=\"elementor-button-wrapper\">\n\t\t\t<a class=\"elementor-button elementor-button-link elementor-size-md\" href=\"https:\/\/wa.me\/+905338526709\">\n\t\t\t\t\t\t<span class=\"elementor-button-content-wrapper\">\n\t\t\t\t\t\t<span class=\"elementor-button-icon elementor-align-icon-left\">\n\t\t\t\t<i aria-hidden=\"true\" class=\"fab fa-whatsapp\"><\/i>\t\t\t<\/span>\n\t\t\t\t\t\t<span class=\"elementor-button-text\">Bize WhatsApp dan Ula\u015f\u0131n<\/span>\n\t\t<\/span>\n\t\t\t\t\t<\/a>\n\t\t<\/div>\n\t\t\t\t<\/div>\n\t\t\t\t<\/div>\n\t\t\t\t\t<\/div>\n\t\t<\/div>\n\t\t\t\t<div class=\"elementor-column elementor-col-50 elementor-inner-column elementor-element elementor-element-01552d8\" data-id=\"01552d8\" data-element_type=\"column\">\n\t\t\t<div class=\"elementor-widget-wrap elementor-element-populated\">\n\t\t\t\t\t\t\t\t<div class=\"elementor-element elementor-element-3e8d7f3 elementor-widget elementor-widget-image\" data-id=\"3e8d7f3\" data-element_type=\"widget\" data-widget_type=\"image.default\">\n\t\t\t\t<div class=\"elementor-widget-container\">\n\t\t\t<style>\/*! elementor - v3.18.0 - 20-12-2023 *\/\n.elementor-widget-image{text-align:center}.elementor-widget-image a{display:inline-block}.elementor-widget-image a img[src$=\".svg\"]{width:48px}.elementor-widget-image img{vertical-align:middle;display:inline-block}<\/style>\t\t\t\t\t\t\t\t\t\t\t\t<img fetchpriority=\"high\" decoding=\"async\" width=\"1024\" height=\"768\" src=\"https:\/\/tamlek-cyprus.com\/wp-content\/uploads\/2023\/09\/villa-advantages-1024x768.jpg\" class=\"attachment-large size-large wp-image-19900\" alt=\"\" srcset=\"https:\/\/tamlek-cyprus.com\/wp-content\/uploads\/2023\/09\/villa-advantages-1024x768.jpg 1024w, https:\/\/tamlek-cyprus.com\/wp-content\/uploads\/2023\/09\/villa-advantages-300x225.jpg 300w, https:\/\/tamlek-cyprus.com\/wp-content\/uploads\/2023\/09\/villa-advantages-768x576.jpg 768w, https:\/\/tamlek-cyprus.com\/wp-content\/uploads\/2023\/09\/villa-advantages-592x444.jpg 592w, https:\/\/tamlek-cyprus.com\/wp-content\/uploads\/2023\/09\/villa-advantages-584x438.jpg 584w, https:\/\/tamlek-cyprus.com\/wp-content\/uploads\/2023\/09\/villa-advantages-800x600.jpg 800w, https:\/\/tamlek-cyprus.com\/wp-content\/uploads\/2023\/09\/villa-advantages-120x90.jpg 120w, https:\/\/tamlek-cyprus.com\/wp-content\/uploads\/2023\/09\/villa-advantages-496x372.jpg 496w, https:\/\/tamlek-cyprus.com\/wp-content\/uploads\/2023\/09\/villa-advantages.jpg 1170w\" sizes=\"(max-width: 1024px) 100vw, 1024px\" \/>\t\t\t\t\t\t\t\t\t\t\t\t\t\t\t<\/div>\n\t\t\t\t<\/div>\n\t\t\t\t\t<\/div>\n\t\t<\/div>\n\t\t\t\t\t\t\t<\/div>\n\t\t<\/section>\n\t\t\t\t\t<\/div>\n\t\t<\/div>\n\t\t\t\t\t\t\t<\/div>\n\t\t<\/section>\n\t\t\t\t\t\t\t<\/div>\n\t\t","protected":false},"excerpt":{"rendered":"<p>Avantajlar K\u0131br\u0131s da yat\u0131r\u0131m yapman\u0131n Avantajlar\u0131: K\u0131br\u0131s da gayrimenkul sat\u0131n alman\u0131n Avantajlar\u0131: 1. En \u00e7ok tavsiye edilen Emlak Fiyatlar\u0131: Kuzey K\u0131br\u0131s, di\u011fer t\u00fcm avantajlar\u0131n yan\u0131 s\u0131ra en b\u00fcy\u00fck avantaj\u0131 da sunuyor: uygun emlak fiyatlar\u0131. \u00c7o\u011fu Avrupa ve Akdeniz \u00fclkesinden %40-50 daha d\u00fc\u015f\u00fck fiyatlara kolayca emlak sat\u0131n alabilirsiniz. 2. Yat\u0131r\u0131mlarda Daha K\u0131sa Geri \u00d6deme S\u00fcresi: M\u00fclk [&hellip;]<\/p>\n","protected":false},"author":1,"featured_media":0,"parent":0,"menu_order":0,"comment_status":"closed","ping_status":"closed","template":"template\/template-homepage.php","meta":{"footnotes":""},"class_list":["post-27269","page","type-page","status-publish","hentry"],"_links":{"self":[{"href":"https:\/\/tamlek-cyprus.com\/tr\/wp-json\/wp\/v2\/pages\/27269"}],"collection":[{"href":"https:\/\/tamlek-cyprus.com\/tr\/wp-json\/wp\/v2\/pages"}],"about":[{"href":"https:\/\/tamlek-cyprus.com\/tr\/wp-json\/wp\/v2\/types\/page"}],"author":[{"embeddable":true,"href":"https:\/\/tamlek-cyprus.com\/tr\/wp-json\/wp\/v2\/users\/1"}],"replies":[{"embeddable":true,"href":"https:\/\/tamlek-cyprus.com\/tr\/wp-json\/wp\/v2\/comments?post=27269"}],"version-history":[{"count":3,"href":"https:\/\/tamlek-cyprus.com\/tr\/wp-json\/wp\/v2\/pages\/27269\/revisions"}],"predecessor-version":[{"id":27272,"href":"https:\/\/tamlek-cyprus.com\/tr\/wp-json\/wp\/v2\/pages\/27269\/revisions\/27272"}],"wp:attachment":[{"href":"https:\/\/tamlek-cyprus.com\/tr\/wp-json\/wp\/v2\/media?parent=27269"}],"curies":[{"name":"wp","href":"https:\/\/api.w.org\/{rel}","templated":true}]}}