{"id":19411,"date":"2020-02-18T11:54:25","date_gmt":"2020-02-18T11:54:25","guid":{"rendered":"https:\/\/tamlek-cyprus.com\/baslik-haritasi\/"},"modified":"2020-02-18T11:54:25","modified_gmt":"2020-02-18T11:54:25","slug":"baslik-haritasi","status":"publish","type":"page","link":"https:\/\/tamlek-cyprus.com\/tr\/baslik-haritasi\/","title":{"rendered":"Ba\u015fl\u0131k Haritas\u0131"},"content":{"rendered":"","protected":false},"excerpt":{"rendered":"","protected":false},"author":1,"featured_media":0,"parent":0,"menu_order":0,"comment_status":"closed","ping_status":"closed","template":"template\/template-listing-grid-v7.php","meta":{"footnotes":""},"class_list":["post-19411","page","type-page","status-publish","hentry"],"_links":{"self":[{"href":"https:\/\/tamlek-cyprus.com\/tr\/wp-json\/wp\/v2\/pages\/19411"}],"collection":[{"href":"https:\/\/tamlek-cyprus.com\/tr\/wp-json\/wp\/v2\/pages"}],"about":[{"href":"https:\/\/tamlek-cyprus.com\/tr\/wp-json\/wp\/v2\/types\/page"}],"author":[{"embeddable":true,"href":"https:\/\/tamlek-cyprus.com\/tr\/wp-json\/wp\/v2\/users\/1"}],"replies":[{"embeddable":true,"href":"https:\/\/tamlek-cyprus.com\/tr\/wp-json\/wp\/v2\/comments?post=19411"}],"version-history":[{"count":0,"href":"https:\/\/tamlek-cyprus.com\/tr\/wp-json\/wp\/v2\/pages\/19411\/revisions"}],"wp:attachment":[{"href":"https:\/\/tamlek-cyprus.com\/tr\/wp-json\/wp\/v2\/media?parent=19411"}],"curies":[{"name":"wp","href":"https:\/\/api.w.org\/{rel}","templated":true}]}}